{"id":309,"date":"2020-01-13T11:17:52","date_gmt":"2020-01-13T11:17:52","guid":{"rendered":"https:\/\/demosites.io\/web-agency-gb\/?page_id=5"},"modified":"2024-09-17T10:28:59","modified_gmt":"2024-09-17T13:28:59","slug":"15c42-web-agency-gb-home","status":"publish","type":"page","link":"https:\/\/eciemergencias.com\/Sit\/","title":{"rendered":"Home"},"content":{"rendered":"\n<div id=\"wp-block-themeisle-blocks-advanced-columns-d83d340f\" class=\"wp-block-themeisle-blocks-advanced-columns has-2-columns has-desktop-equal-layout has-tablet-equal-layout has-mobile-collapsedRows-layout has-vertical-unset\"><div class=\"wp-block-themeisle-blocks-advanced-columns-overlay\"><\/div><div class=\"innerblocks-wrap\">\n<div id=\"wp-block-themeisle-blocks-advanced-column-ed0ff052\" class=\"wp-block-themeisle-blocks-advanced-column\">\n<h2 id=\"wp-block-themeisle-blocks-advanced-heading-eb832505\" class=\"wp-block-themeisle-blocks-advanced-heading wp-block-themeisle-blocks-advanced-heading-eb832505\">\u00bfQuer\u00e9s sumarte a nuestro equipo de trabajo?<\/h2>\n\n\n\n<h2 id=\"wp-block-themeisle-blocks-advanced-heading-15c641dc\" class=\"wp-block-themeisle-blocks-advanced-heading wp-block-themeisle-blocks-advanced-heading-15c641dc\">Dejanos tu Curriculum y contanos c\u00f3mo quer\u00e9s ser parte de ECI Emergencias.<\/h2>\n<\/div>\n\n\n\n<div id=\"wp-block-themeisle-blocks-advanced-column-4d7b5b6a\" class=\"wp-block-themeisle-blocks-advanced-column\">\n<h2 id=\"wp-block-themeisle-blocks-advanced-heading-1911e0c9\" class=\"wp-block-themeisle-blocks-advanced-heading wp-block-themeisle-blocks-advanced-heading-1911e0c9\">\n<div class=\"wpcf7 no-js\" id=\"wpcf7-f375-o1\" lang=\"es-AR\" dir=\"ltr\">\n<div class=\"screen-reader-response\"><p role=\"status\" aria-live=\"polite\" aria-atomic=\"true\"><\/p> <ul><\/ul><\/div>\n<form action=\"\/Sit\/wp-json\/wp\/v2\/pages\/309#wpcf7-f375-o1\" method=\"post\" class=\"wpcf7-form init\" aria-label=\"Formulario de contacto\" enctype=\"multipart\/form-data\" novalidate=\"novalidate\" data-status=\"init\">\n<div style=\"display: none;\">\n<input type=\"hidden\" name=\"_wpcf7\" value=\"375\" \/>\n<input type=\"hidden\" name=\"_wpcf7_version\" value=\"5.9.8\" \/>\n<input type=\"hidden\" name=\"_wpcf7_locale\" value=\"es_AR\" \/>\n<input type=\"hidden\" name=\"_wpcf7_unit_tag\" value=\"wpcf7-f375-o1\" \/>\n<input type=\"hidden\" name=\"_wpcf7_container_post\" value=\"0\" \/>\n<input type=\"hidden\" name=\"_wpcf7_posted_data_hash\" value=\"\" \/>\n<\/div>\n<p><label> Nombre y apellido<br \/>\n<span class=\"wpcf7-form-control-wrap\" data-name=\"your-name\"><input size=\"40\" maxlength=\"400\" class=\"wpcf7-form-control wpcf7-text wpcf7-validates-as-required\" autocomplete=\"name\" aria-required=\"true\" aria-invalid=\"false\" value=\"\" type=\"text\" name=\"your-name\" \/><\/span> <\/label>\n<\/p>\n<p><label> DNI<br \/>\n<span class=\"wpcf7-form-control-wrap\" data-name=\"number-953\"><input class=\"wpcf7-form-control wpcf7-number wpcf7-validates-as-required wpcf7-validates-as-number\" aria-required=\"true\" aria-invalid=\"false\" value=\"\" type=\"number\" name=\"number-953\" \/><\/span> <\/label>\n<\/p>\n<p><label> Tel\u00e9fono<br \/>\n<span class=\"wpcf7-form-control-wrap\" data-name=\"tel-425\"><input size=\"40\" maxlength=\"400\" class=\"wpcf7-form-control wpcf7-tel wpcf7-validates-as-required wpcf7-text wpcf7-validates-as-tel\" aria-required=\"true\" aria-invalid=\"false\" value=\"\" type=\"tel\" name=\"tel-425\" \/><\/span> <\/label>\n<\/p>\n<p><label> Mail<br \/>\n<span class=\"wpcf7-form-control-wrap\" data-name=\"your-email\"><input size=\"40\" maxlength=\"400\" class=\"wpcf7-form-control wpcf7-email wpcf7-validates-as-required wpcf7-text wpcf7-validates-as-email\" autocomplete=\"email\" aria-required=\"true\" aria-invalid=\"false\" value=\"\" type=\"email\" name=\"your-email\" \/><\/span> <\/label>\n<\/p>\n<p><label> \u00bfA qu\u00e9 ocupaci\u00f3n te gustar\u00eda postular?<br \/>\n<span class=\"wpcf7-form-control-wrap\" data-name=\"menu-443\"><select class=\"wpcf7-form-control wpcf7-select wpcf7-validates-as-required\" aria-required=\"true\" aria-invalid=\"false\" name=\"menu-443\"><option value=\"Chofer de Ambulancia\">Chofer de Ambulancia<\/option><option value=\"M\u00e9dico\">M\u00e9dico<\/option><option value=\"Operador telef\u00f3nico de emergencias m\u00e9dicas\">Operador telef\u00f3nico de emergencias m\u00e9dicas<\/option><option value=\"Enfermero\">Enfermero<\/option><option value=\"Representante de atenci\u00f3n al cliente\">Representante de atenci\u00f3n al cliente<\/option><option value=\"Asesor comercial\">Asesor comercial<\/option><option value=\"Auxiliar contable\">Auxiliar contable<\/option><option value=\"Administrativo\">Administrativo<\/option><\/select><\/span> <\/label>\n<\/p>\n<p><label> Envianos tu CV (Formato pdf o docx )<br \/>\n<span class=\"wpcf7-form-control-wrap\" data-name=\"file-221\"><input size=\"40\" class=\"wpcf7-form-control wpcf7-file wpcf7-validates-as-required\" accept=\".pdf,.doc,.docx,.jpg,.png\" aria-required=\"true\" aria-invalid=\"false\" type=\"file\" name=\"file-221\" \/><\/span> <\/label>\n<\/p>\n<p><input class=\"wpcf7-form-control wpcf7-submit has-spinner\" type=\"submit\" value=\"Enviar\" \/>\n<\/p><div class=\"wpcf7-response-output\" aria-hidden=\"true\"><\/div>\n<\/form>\n<\/div>\n<\/h2>\n<\/div>\n<\/div><\/div>\n\n\n\n<div style=\"height:80px\" aria-hidden=\"true\" class=\"wp-block-spacer\"><\/div>\n","protected":false},"excerpt":{"rendered":"","protected":false},"author":1,"featured_media":0,"parent":0,"menu_order":0,"comment_status":"closed","ping_status":"closed","template":"","meta":{"neve_meta_sidebar":"default","neve_meta_container":"default","neve_meta_enable_content_width":"on","neve_meta_content_width":100,"neve_meta_title_alignment":"","neve_meta_author_avatar":"","neve_post_elements_order":"","neve_meta_disable_header":"","neve_meta_disable_footer":"on","neve_meta_disable_title":"on","_themeisle_gutenberg_block_has_review":false,"_ti_tpc_template_sync":false,"_ti_tpc_template_id":"5udqur826ojgsxrmsxsc","footnotes":""},"class_list":["post-309","page","type-page","status-publish","hentry"],"_links":{"self":[{"href":"https:\/\/eciemergencias.com\/Sit\/wp-json\/wp\/v2\/pages\/309","targetHints":{"allow":["GET"]}}],"collection":[{"href":"https:\/\/eciemergencias.com\/Sit\/wp-json\/wp\/v2\/pages"}],"about":[{"href":"https:\/\/eciemergencias.com\/Sit\/wp-json\/wp\/v2\/types\/page"}],"author":[{"embeddable":true,"href":"https:\/\/eciemergencias.com\/Sit\/wp-json\/wp\/v2\/users\/1"}],"replies":[{"embeddable":true,"href":"https:\/\/eciemergencias.com\/Sit\/wp-json\/wp\/v2\/comments?post=309"}],"version-history":[{"count":18,"href":"https:\/\/eciemergencias.com\/Sit\/wp-json\/wp\/v2\/pages\/309\/revisions"}],"predecessor-version":[{"id":413,"href":"https:\/\/eciemergencias.com\/Sit\/wp-json\/wp\/v2\/pages\/309\/revisions\/413"}],"wp:attachment":[{"href":"https:\/\/eciemergencias.com\/Sit\/wp-json\/wp\/v2\/media?parent=309"}],"curies":[{"name":"wp","href":"https:\/\/api.w.org\/{rel}","templated":true}]}}